{"id":43,"date":"2020-10-22T12:55:38","date_gmt":"2020-10-22T12:55:38","guid":{"rendered":"https:\/\/eltiempoesmio.es\/?page_id=43"},"modified":"2021-08-21T00:16:10","modified_gmt":"2021-08-20T22:16:10","slug":"sobre-mi","status":"publish","type":"page","link":"https:\/\/eltiempoesmio.es\/index.php\/sobre-mi\/","title":{"rendered":"Sobre mi"},"content":{"rendered":"\n<div class=\"wp-block-image\"><figure class=\"alignright size-large is-resized\"><img fetchpriority=\"high\" decoding=\"async\" src=\"https:\/\/eltiempoesmio.es\/wp-content\/uploads\/2020\/10\/2282-14v2Enc2vig_INTERPOLADO-A4-683x1024.jpg\" alt=\"\" class=\"wp-image-194\" width=\"287\" height=\"430\" srcset=\"https:\/\/eltiempoesmio.es\/wp-content\/uploads\/2020\/10\/2282-14v2Enc2vig_INTERPOLADO-A4-683x1024.jpg 683w, https:\/\/eltiempoesmio.es\/wp-content\/uploads\/2020\/10\/2282-14v2Enc2vig_INTERPOLADO-A4-200x300.jpg 200w, https:\/\/eltiempoesmio.es\/wp-content\/uploads\/2020\/10\/2282-14v2Enc2vig_INTERPOLADO-A4-768x1152.jpg 768w, https:\/\/eltiempoesmio.es\/wp-content\/uploads\/2020\/10\/2282-14v2Enc2vig_INTERPOLADO-A4-1024x1536.jpg 1024w, https:\/\/eltiempoesmio.es\/wp-content\/uploads\/2020\/10\/2282-14v2Enc2vig_INTERPOLADO-A4-1365x2048.jpg 1365w, https:\/\/eltiempoesmio.es\/wp-content\/uploads\/2020\/10\/2282-14v2Enc2vig_INTERPOLADO-A4-973x1460.jpg 973w, https:\/\/eltiempoesmio.es\/wp-content\/uploads\/2020\/10\/2282-14v2Enc2vig_INTERPOLADO-A4-508x762.jpg 508w, https:\/\/eltiempoesmio.es\/wp-content\/uploads\/2020\/10\/2282-14v2Enc2vig_INTERPOLADO-A4-600x900.jpg 600w, https:\/\/eltiempoesmio.es\/wp-content\/uploads\/2020\/10\/2282-14v2Enc2vig_INTERPOLADO-A4-scaled.jpg 1707w\" sizes=\"(max-width: 287px) 100vw, 287px\" \/><figcaption>Miguel G\u00f3mez y Molina. Fotograf\u00eda realizada por Wayne Chasan<\/figcaption><\/figure><\/div>\n\n\n\n<p class=\"has-text-align-justify\">Nac\u00ed el 11 de Enero de 1968 (a\u00f1o del Mono) durante mi juventud resid\u00ed en Madrid (Espa\u00f1a), Broadstairs (Inglaterra), Par\u00eds ( Francia), Lausana (Suiza), Idar-Oberstein (Alemania) y Santa M\u00f3nica (Estados Unidos de Am\u00e9rica) donde curso distintas materias, especializ\u00e1ndome en gemolog\u00eda y en dise\u00f1o de joyer\u00eda.<\/p>\n\n\n\n<p class=\"has-text-align-justify\">Mi afici\u00f3n a la pintura o al dibujo, como quieras definir mi obra, viene de ni\u00f1o, pero pronto me aburr\u00ed de pintar vacas en la academia de dibujo donde voluntariamente ped\u00ed que me inscribieran\u2026directamente empec\u00e9 a pintar lo que sent\u00eda y como quer\u00eda, autodidacta, experimento y me encanta\u2026<\/p>\n\n\n\n<p class=\"has-text-align-justify\">Pronto me sent\u00ed influenciado por todos los grandes creadores desde El Greco a Picasso, pasando por Durero y Eschert, de Kandinsky y Dalli a Peter Zimmermann.<\/p>\n\n\n\n<p class=\"has-text-align-justify\">Me apasiona el color y su utilizaci\u00f3n como herramienta capaz de lograr que individualmente consigan que el conjunto se convierta en un mundo complejo.<\/p>\n\n\n\n<p class=\"has-text-align-justify\">La uni\u00f3n del tiempo, el dibujo, el collage, el color as\u00ed como el blanco y negro de la tinta china ha hecho, seg\u00fan dec\u00eds, tenga un estilo bien diferenciado, incluso reconocible, pues bien, es una de mis pasiones, un entretenimiento para mi, aunque se convierte en una expresi\u00f3n de mis estados an\u00edmicos\u2026<\/p>\n\n\n\n<p class=\"has-text-align-justify\">Para vosotros, ser\u00e1 un descubrimiento continuo, cada vez que estudi\u00e9is con detenimiento mis cuadros, un elemento nuevo se os revelar\u00e1, es un universo que os sumergir\u00e1 en una b\u00fasqueda l\u00fadica.<\/p>\n","protected":false},"excerpt":{"rendered":"<p>Nac\u00ed el 11 de Enero de 1968 (a\u00f1o del Mono) durante mi juventud resid\u00ed en Madrid (Espa\u00f1a), Broadstairs (Inglaterra), Par\u00eds ( Francia), Lausana (Suiza), Idar-Oberstein (Alemania) y Santa&#8230;<\/p>\n","protected":false},"author":1,"featured_media":0,"parent":0,"menu_order":2,"comment_status":"closed","ping_status":"closed","template":"","meta":{"footnotes":""},"class_list":["post-43","page","type-page","status-publish","hentry"],"yoast_head":"<!-- This site is optimized with the Yoast SEO plugin v27.3 - https:\/\/yoast.com\/product\/yoast-seo-wordpress\/ -->\n<title>Sobre mi - El tiempo es mio<\/title>\n<meta name=\"robots\" content=\"index, follow, max-snippet:-1, max-image-preview:large, max-video-preview:-1\" \/>\n<link rel=\"canonical\" href=\"https:\/\/eltiempoesmio.es\/index.php\/sobre-mi\/\" \/>\n<meta property=\"og:locale\" content=\"es_ES\" \/>\n<meta property=\"og:type\" content=\"article\" \/>\n<meta property=\"og:title\" content=\"Sobre mi - El tiempo es mio\" \/>\n<meta property=\"og:description\" content=\"Nac\u00ed el 11 de Enero de 1968 (a\u00f1o del Mono) durante mi juventud resid\u00ed en Madrid (Espa\u00f1a), Broadstairs (Inglaterra), Par\u00eds ( Francia), Lausana (Suiza), Idar-Oberstein (Alemania) y Santa...\" \/>\n<meta property=\"og:url\" content=\"https:\/\/eltiempoesmio.es\/index.php\/sobre-mi\/\" \/>\n<meta property=\"og:site_name\" content=\"El tiempo es mio\" \/>\n<meta property=\"article:modified_time\" content=\"2021-08-20T22:16:10+00:00\" \/>\n<meta property=\"og:image\" content=\"https:\/\/eltiempoesmio.es\/wp-content\/uploads\/2020\/10\/2282-14v2Enc2vig_INTERPOLADO-A4-683x1024.jpg\" \/>\n<meta name=\"twitter:card\" content=\"summary_large_image\" \/>\n<meta name=\"twitter:site\" content=\"@mgm1101\" \/>\n<meta name=\"twitter:label1\" content=\"Tiempo de lectura\" \/>\n\t<meta name=\"twitter:data1\" content=\"2 minutos\" \/>\n<script type=\"application\/ld+json\" class=\"yoast-schema-graph\">{\"@context\":\"https:\\\/\\\/schema.org\",\"@graph\":[{\"@type\":\"WebPage\",\"@id\":\"https:\\\/\\\/eltiempoesmio.es\\\/index.php\\\/sobre-mi\\\/\",\"url\":\"https:\\\/\\\/eltiempoesmio.es\\\/index.php\\\/sobre-mi\\\/\",\"name\":\"Sobre mi - El tiempo es mio\",\"isPartOf\":{\"@id\":\"https:\\\/\\\/eltiempoesmio.es\\\/#website\"},\"primaryImageOfPage\":{\"@id\":\"https:\\\/\\\/eltiempoesmio.es\\\/index.php\\\/sobre-mi\\\/#primaryimage\"},\"image\":{\"@id\":\"https:\\\/\\\/eltiempoesmio.es\\\/index.php\\\/sobre-mi\\\/#primaryimage\"},\"thumbnailUrl\":\"https:\\\/\\\/eltiempoesmio.es\\\/wp-content\\\/uploads\\\/2020\\\/10\\\/2282-14v2Enc2vig_INTERPOLADO-A4-683x1024.jpg\",\"datePublished\":\"2020-10-22T12:55:38+00:00\",\"dateModified\":\"2021-08-20T22:16:10+00:00\",\"breadcrumb\":{\"@id\":\"https:\\\/\\\/eltiempoesmio.es\\\/index.php\\\/sobre-mi\\\/#breadcrumb\"},\"inLanguage\":\"es\",\"potentialAction\":[{\"@type\":\"ReadAction\",\"target\":[\"https:\\\/\\\/eltiempoesmio.es\\\/index.php\\\/sobre-mi\\\/\"]}]},{\"@type\":\"ImageObject\",\"inLanguage\":\"es\",\"@id\":\"https:\\\/\\\/eltiempoesmio.es\\\/index.php\\\/sobre-mi\\\/#primaryimage\",\"url\":\"https:\\\/\\\/eltiempoesmio.es\\\/wp-content\\\/uploads\\\/2020\\\/10\\\/2282-14v2Enc2vig_INTERPOLADO-A4-683x1024.jpg\",\"contentUrl\":\"https:\\\/\\\/eltiempoesmio.es\\\/wp-content\\\/uploads\\\/2020\\\/10\\\/2282-14v2Enc2vig_INTERPOLADO-A4-683x1024.jpg\"},{\"@type\":\"BreadcrumbList\",\"@id\":\"https:\\\/\\\/eltiempoesmio.es\\\/index.php\\\/sobre-mi\\\/#breadcrumb\",\"itemListElement\":[{\"@type\":\"ListItem\",\"position\":1,\"name\":\"Portada\",\"item\":\"https:\\\/\\\/eltiempoesmio.es\\\/\"},{\"@type\":\"ListItem\",\"position\":2,\"name\":\"Sobre mi\"}]},{\"@type\":\"WebSite\",\"@id\":\"https:\\\/\\\/eltiempoesmio.es\\\/#website\",\"url\":\"https:\\\/\\\/eltiempoesmio.es\\\/\",\"name\":\"El tiempo es mio\",\"description\":\"Obra  gr\u00e1fica de Miguel G\u00f3mez y Molina\",\"potentialAction\":[{\"@type\":\"SearchAction\",\"target\":{\"@type\":\"EntryPoint\",\"urlTemplate\":\"https:\\\/\\\/eltiempoesmio.es\\\/?s={search_term_string}\"},\"query-input\":{\"@type\":\"PropertyValueSpecification\",\"valueRequired\":true,\"valueName\":\"search_term_string\"}}],\"inLanguage\":\"es\"}]}<\/script>\n<!-- \/ Yoast SEO plugin. -->","yoast_head_json":{"title":"Sobre mi - El tiempo es mio","robots":{"index":"index","follow":"follow","max-snippet":"max-snippet:-1","max-image-preview":"max-image-preview:large","max-video-preview":"max-video-preview:-1"},"canonical":"https:\/\/eltiempoesmio.es\/index.php\/sobre-mi\/","og_locale":"es_ES","og_type":"article","og_title":"Sobre mi - El tiempo es mio","og_description":"Nac\u00ed el 11 de Enero de 1968 (a\u00f1o del Mono) durante mi juventud resid\u00ed en Madrid (Espa\u00f1a), Broadstairs (Inglaterra), Par\u00eds ( Francia), Lausana (Suiza), Idar-Oberstein (Alemania) y Santa...","og_url":"https:\/\/eltiempoesmio.es\/index.php\/sobre-mi\/","og_site_name":"El tiempo es mio","article_modified_time":"2021-08-20T22:16:10+00:00","og_image":[{"url":"https:\/\/eltiempoesmio.es\/wp-content\/uploads\/2020\/10\/2282-14v2Enc2vig_INTERPOLADO-A4-683x1024.jpg","type":"","width":"","height":""}],"twitter_card":"summary_large_image","twitter_site":"@mgm1101","twitter_misc":{"Tiempo de lectura":"2 minutos"},"schema":{"@context":"https:\/\/schema.org","@graph":[{"@type":"WebPage","@id":"https:\/\/eltiempoesmio.es\/index.php\/sobre-mi\/","url":"https:\/\/eltiempoesmio.es\/index.php\/sobre-mi\/","name":"Sobre mi - El tiempo es mio","isPartOf":{"@id":"https:\/\/eltiempoesmio.es\/#website"},"primaryImageOfPage":{"@id":"https:\/\/eltiempoesmio.es\/index.php\/sobre-mi\/#primaryimage"},"image":{"@id":"https:\/\/eltiempoesmio.es\/index.php\/sobre-mi\/#primaryimage"},"thumbnailUrl":"https:\/\/eltiempoesmio.es\/wp-content\/uploads\/2020\/10\/2282-14v2Enc2vig_INTERPOLADO-A4-683x1024.jpg","datePublished":"2020-10-22T12:55:38+00:00","dateModified":"2021-08-20T22:16:10+00:00","breadcrumb":{"@id":"https:\/\/eltiempoesmio.es\/index.php\/sobre-mi\/#breadcrumb"},"inLanguage":"es","potentialAction":[{"@type":"ReadAction","target":["https:\/\/eltiempoesmio.es\/index.php\/sobre-mi\/"]}]},{"@type":"ImageObject","inLanguage":"es","@id":"https:\/\/eltiempoesmio.es\/index.php\/sobre-mi\/#primaryimage","url":"https:\/\/eltiempoesmio.es\/wp-content\/uploads\/2020\/10\/2282-14v2Enc2vig_INTERPOLADO-A4-683x1024.jpg","contentUrl":"https:\/\/eltiempoesmio.es\/wp-content\/uploads\/2020\/10\/2282-14v2Enc2vig_INTERPOLADO-A4-683x1024.jpg"},{"@type":"BreadcrumbList","@id":"https:\/\/eltiempoesmio.es\/index.php\/sobre-mi\/#breadcrumb","itemListElement":[{"@type":"ListItem","position":1,"name":"Portada","item":"https:\/\/eltiempoesmio.es\/"},{"@type":"ListItem","position":2,"name":"Sobre mi"}]},{"@type":"WebSite","@id":"https:\/\/eltiempoesmio.es\/#website","url":"https:\/\/eltiempoesmio.es\/","name":"El tiempo es mio","description":"Obra  gr\u00e1fica de Miguel G\u00f3mez y Molina","potentialAction":[{"@type":"SearchAction","target":{"@type":"EntryPoint","urlTemplate":"https:\/\/eltiempoesmio.es\/?s={search_term_string}"},"query-input":{"@type":"PropertyValueSpecification","valueRequired":true,"valueName":"search_term_string"}}],"inLanguage":"es"}]}},"jetpack_sharing_enabled":true,"_links":{"self":[{"href":"https:\/\/eltiempoesmio.es\/index.php\/wp-json\/wp\/v2\/pages\/43","targetHints":{"allow":["GET"]}}],"collection":[{"href":"https:\/\/eltiempoesmio.es\/index.php\/wp-json\/wp\/v2\/pages"}],"about":[{"href":"https:\/\/eltiempoesmio.es\/index.php\/wp-json\/wp\/v2\/types\/page"}],"author":[{"embeddable":true,"href":"https:\/\/eltiempoesmio.es\/index.php\/wp-json\/wp\/v2\/users\/1"}],"replies":[{"embeddable":true,"href":"https:\/\/eltiempoesmio.es\/index.php\/wp-json\/wp\/v2\/comments?post=43"}],"version-history":[{"count":19,"href":"https:\/\/eltiempoesmio.es\/index.php\/wp-json\/wp\/v2\/pages\/43\/revisions"}],"predecessor-version":[{"id":795,"href":"https:\/\/eltiempoesmio.es\/index.php\/wp-json\/wp\/v2\/pages\/43\/revisions\/795"}],"wp:attachment":[{"href":"https:\/\/eltiempoesmio.es\/index.php\/wp-json\/wp\/v2\/media?parent=43"}],"curies":[{"name":"wp","href":"https:\/\/api.w.org\/{rel}","templated":true}]}}