{"id":47,"date":"2020-10-22T12:59:46","date_gmt":"2020-10-22T12:59:46","guid":{"rendered":"https:\/\/eltiempoesmio.es\/?page_id=47"},"modified":"2022-11-07T12:12:54","modified_gmt":"2022-11-07T10:12:54","slug":"resenas","status":"publish","type":"page","link":"https:\/\/eltiempoesmio.es\/index.php\/resenas\/","title":{"rendered":"Rese\u00f1as"},"content":{"rendered":"\n<p class=\"has-larger-font-size\"><strong>LOS CUADROS DE MIGUEL G\u00d3MEZ Y MOLINA \/\/ \u00abPUERTAS AL MISTERIO\u00bb<\/strong><\/p>\n\n\n\n<figure class=\"wp-block-pullquote is-style-default has-small-font-size\"><blockquote><p>Al contemplar los dibujos y pinturas de Miguel G\u00f3mez,<br>se descubre f\u00e1cilmente que no es un lenguaje que refleje lo cotidiano, lo convencional. La informaci\u00f3n desborda la mente l\u00f3gica. Los personajes y escenas cuentan historias fuera de la realidad, son descripciones que no corresponden a lo temporal, a lo hist\u00f3rico y surgen preguntas:<br>\u00bfQu\u00e9 es esto\u2026 es un psicoan\u00e1lisis\u2026 es un exorcismo\u2026 son visiones\u2026 sue\u00f1os\u2026 viajes astrales\u2026? \u00bfDe donde viene todo esto?<br>Es posible que sea todo lo anterior y m\u00e1s, pero abstray\u00e9ndonos de esta inicial confusi\u00f3n, dejando que el alma curiosa, desprejuiciada e infantil penetre en los cuadros y pueda descubrir que estos son otros mundos, que descubren otra realidad o que son formas diferentes de percibir la realidad. Los cuadros de Miguel son un universo lleno de personajes diversos, con expresividad, con aliento de ser, con vida propia, otorgada por un creador que tambi\u00e9n los dota de car\u00e1cter, de individualidad, que interrelaciona en la escena con criterio y orden, para tejer la urdimbre de una historia en espacios ins\u00f3litos, donde cada uno vuela y se mueve en funci\u00f3n de energ\u00edas indefinibles.<br>Es todo un universo evocador de sugerencias continuas.<br>Son poemas llenos de alusiones simb\u00f3licas, con una plasticidad arrolladora, con una zoolog\u00eda fant\u00e1stica muy propia, capaz de describir otros mundos, otros estados de ser. De componer historias envueltas en tinieblas o de abrir puertas al misterio.<br>Hay un tema muy reiterativo en muchos de los cuadros de Miguel G\u00f3mez, son sus alusiones al tiempo. Utiliza de forma profusa elementos simb\u00f3licos a los que dota de misterio inquietante, tan inquietante como el propio tiempo: incontrolable, escurridizo, abstracto y concreto, tan preciso e irritante. Hay una frase que Miguel escribe en alguno de estos cuadros \u2013 \u00abel tiempo es m\u00edo\u00bb- que suena como un grito con la energ\u00eda del trueno y la capacidad de producir una caverna, que cobije y a\u00edsle a las almas confusas del zumbido machac\u00f3n, del problema diario y alienante. Un lugar donde escuchar el silencio, sentir la abstracci\u00f3n pura y la mente en reposo.<\/p><cite><strong>Amador Braojos<\/strong><br>2006 a\u00f1o del Perro<\/cite><\/blockquote><\/figure>\n\n\n\n<p><\/p>\n\n\n\n<p class=\"has-larger-font-size\"><strong>NUNCA-JAM\u00c1S EXISTE<\/strong><\/p>\n\n\n\n<figure class=\"wp-block-pullquote has-small-font-size\"><blockquote><p>El surrealismo adquiere en tu obra una dosis de misterio e imaginaci\u00f3n que trasladan al visitante a un mundo de enso\u00f1aci\u00f3n propio de los cuentos que m\u00e1s nos hicieron so\u00f1ar cuando \u00e9ramos ni\u00f1os.<br>Castillos, brujas, animales y guerreros hablan de un tiempo fant\u00e1stico que t\u00fa controlas al segundo y que nosotros s\u00f3lo podemos intuir. El tiempo es m\u00edo es mucho m\u00e1s que un t\u00edtulo, es una norma de conducta, un principio. Supone la aceptaci\u00f3n de que tu obra y una parte importante de tu vida est\u00e1n en sinton\u00eda perfecta.<br>Quiz\u00e1 sea tu faceta m\u00e1s oculta pero tambi\u00e9n es una de las m\u00e1s sorprendentes por lo inesperada. El dibujo y el color, incluso la falta de \u00e9ste, los controlas al igual que el tiempo y esa capacidad tambi\u00e9n sorprende a quien se sumerge en tus obras. El arte es un camino de dif\u00edcil progreso, pero t\u00fa lo haces f\u00e1cil como si fuese un juego o una conversaci\u00f3n.<br>Hay en tu obra un sinf\u00edn de ocultos mensajes, de canciones y signos que como un laberinto obliga al espectador a navegar por la claves de tu imaginaci\u00f3n, por guirnaldas y garabatos autom\u00e1ticos hasta encontrar un para\u00edso que tiene mucho que ver con la propia vida,,, o mejor dicho con tu manera de ver y vivir una vida que confirma que el pa\u00eds de nunca-jam\u00e1s verdaderamente existe.<\/p><cite><strong>Fernando Franc\u00e9s<\/strong><\/cite><\/blockquote><\/figure>\n\n\n\n<p class=\"has-larger-font-size\"><strong>El tiempo a trav\u00e9s del arte o el tiempo es m\u00edo.<\/strong><\/p>\n\n\n\n<figure class=\"wp-block-pullquote has-border-color has-small-font-size\" style=\"border-color:#333\"><blockquote><p>El ser humano lleva el arte impl\u00edcito en su <em>biolog\u00eda<\/em>, podr\u00edamos casi afirmar que necesita interpretar y expresar su realidad interior y exterior de diferentes formas. Desde finales del siglo XX, la neurociencia est\u00e1 confirmando esta teor\u00eda a trav\u00e9s de numerosos estudios sobre <em>arte y comportamiento del cerebro<\/em>. Miguel G\u00f3mez &amp; Molina es uno de estos valientes-humanos que ha decidido mostrar su mundo interior, su creatividad m\u00e1s ancestral desde su propio aprendizaje, innovando con detalles y elementos cotidianos de su realidad. Como tantos artistas, Miguel, sin haberse formado espec\u00edficamente en bellas artes o estudios similares, si ha conseguido alumbrar un estilo personal creyendo en su proceso creativo.<br>Miguel tambi\u00e9n ha mirado el tiempo y lo ha vestido de dorado en sus obras, aprovechando las infinitas maquinarias con la que se encuentra cada d\u00eda trabajando desde su infancia. El mundo interior que nos deja ver se dibuja a trav\u00e9s de figuras imposibles, animalarios asilvestrados, colores que bailan al son de una m\u00fasica propia, acuarelas y espacios de fantas\u00eda en los que el espectador puede perderse y disfrutar seg\u00fan le susurre su propia imaginaci\u00f3n. Porque el tiempo puede ser contemplado a trav\u00e9s del arte, y se puede hacer del tiempo un arte. As\u00ed lo muestran las piezas de los relojes que escaparon de sus cajas, y que andan insertadas a modo de collage en sus obras. Las esferas y agujas que alg\u00fan d\u00eda formaron parte de un reloj, Miguel los hizo mutar para convertirlos en protagonistas de alguna historia interminable donde no hay qui\u00e9n adivine su final. Esta podr\u00eda ser una de las muchas miradas a los cuadros de Miguel. La m\u00eda fue hace a\u00f1os cuando redescubr\u00ed los restos de un reloj autom\u00e1tico diseminados en una de sus pinturas, y pens\u00e9: <em>Es verdad, el tiempo puede ser m\u00edo, o de Miguel o de qui\u00e9n quiera representarlo<\/em>. La creatividad es la capacidad de transformar algo a trav\u00e9s de la interpretaci\u00f3n que le quiera dar cada uno, sin olvidar que inevitablemente.. Somos la biolog\u00eda del arte y el tiempo es nuestro.<\/p><cite><strong>Mar\u00eda Mart\u00ednez Hern\u00e1ndez (2020)<\/strong><br>Cultural mediator | Museologist<br><a href=\"http:\/\/www.thevisualroad.com\/\">www.thevisualroad.com<\/a><\/cite><\/blockquote><\/figure>\n","protected":false},"excerpt":{"rendered":"<p>LOS CUADROS DE MIGUEL G\u00d3MEZ Y MOLINA \/\/ \u00abPUERTAS AL MISTERIO\u00bb Al contemplar los dibujos y pinturas de Miguel G\u00f3mez,se descubre f\u00e1cilmente que no es un lenguaje que&#8230;<\/p>\n","protected":false},"author":1,"featured_media":0,"parent":0,"menu_order":3,"comment_status":"closed","ping_status":"closed","template":"","meta":{"footnotes":""},"class_list":["post-47","page","type-page","status-publish","hentry"],"yoast_head":"<!-- This site is optimized with the Yoast SEO plugin v27.4 - https:\/\/yoast.com\/product\/yoast-seo-wordpress\/ -->\n<title>Rese\u00f1as - El tiempo es mio<\/title>\n<meta name=\"robots\" content=\"index, follow, max-snippet:-1, max-image-preview:large, max-video-preview:-1\" \/>\n<link rel=\"canonical\" href=\"https:\/\/eltiempoesmio.es\/index.php\/resenas\/\" \/>\n<meta property=\"og:locale\" content=\"es_ES\" \/>\n<meta property=\"og:type\" content=\"article\" \/>\n<meta property=\"og:title\" content=\"Rese\u00f1as - El tiempo es mio\" \/>\n<meta property=\"og:description\" content=\"LOS CUADROS DE MIGUEL G\u00d3MEZ Y MOLINA \/\/ \u00abPUERTAS AL MISTERIO\u00bb Al contemplar los dibujos y pinturas de Miguel G\u00f3mez,se descubre f\u00e1cilmente que no es un lenguaje que...\" \/>\n<meta property=\"og:url\" content=\"https:\/\/eltiempoesmio.es\/index.php\/resenas\/\" \/>\n<meta property=\"og:site_name\" content=\"El tiempo es mio\" \/>\n<meta property=\"article:modified_time\" content=\"2022-11-07T10:12:54+00:00\" \/>\n<meta name=\"twitter:card\" content=\"summary_large_image\" \/>\n<meta name=\"twitter:site\" content=\"@mgm1101\" \/>\n<meta name=\"twitter:label1\" content=\"Tiempo de lectura\" \/>\n\t<meta name=\"twitter:data1\" content=\"5 minutos\" \/>\n<script type=\"application\/ld+json\" class=\"yoast-schema-graph\">{\"@context\":\"https:\\\/\\\/schema.org\",\"@graph\":[{\"@type\":\"WebPage\",\"@id\":\"https:\\\/\\\/eltiempoesmio.es\\\/index.php\\\/resenas\\\/\",\"url\":\"https:\\\/\\\/eltiempoesmio.es\\\/index.php\\\/resenas\\\/\",\"name\":\"Rese\u00f1as - El tiempo es mio\",\"isPartOf\":{\"@id\":\"https:\\\/\\\/eltiempoesmio.es\\\/#website\"},\"datePublished\":\"2020-10-22T12:59:46+00:00\",\"dateModified\":\"2022-11-07T10:12:54+00:00\",\"breadcrumb\":{\"@id\":\"https:\\\/\\\/eltiempoesmio.es\\\/index.php\\\/resenas\\\/#breadcrumb\"},\"inLanguage\":\"es\",\"potentialAction\":[{\"@type\":\"ReadAction\",\"target\":[\"https:\\\/\\\/eltiempoesmio.es\\\/index.php\\\/resenas\\\/\"]}]},{\"@type\":\"BreadcrumbList\",\"@id\":\"https:\\\/\\\/eltiempoesmio.es\\\/index.php\\\/resenas\\\/#breadcrumb\",\"itemListElement\":[{\"@type\":\"ListItem\",\"position\":1,\"name\":\"Portada\",\"item\":\"https:\\\/\\\/eltiempoesmio.es\\\/\"},{\"@type\":\"ListItem\",\"position\":2,\"name\":\"Rese\u00f1as\"}]},{\"@type\":\"WebSite\",\"@id\":\"https:\\\/\\\/eltiempoesmio.es\\\/#website\",\"url\":\"https:\\\/\\\/eltiempoesmio.es\\\/\",\"name\":\"El tiempo es mio\",\"description\":\"Obra  gr\u00e1fica de Miguel G\u00f3mez y Molina\",\"potentialAction\":[{\"@type\":\"SearchAction\",\"target\":{\"@type\":\"EntryPoint\",\"urlTemplate\":\"https:\\\/\\\/eltiempoesmio.es\\\/?s={search_term_string}\"},\"query-input\":{\"@type\":\"PropertyValueSpecification\",\"valueRequired\":true,\"valueName\":\"search_term_string\"}}],\"inLanguage\":\"es\"}]}<\/script>\n<!-- \/ Yoast SEO plugin. -->","yoast_head_json":{"title":"Rese\u00f1as - El tiempo es mio","robots":{"index":"index","follow":"follow","max-snippet":"max-snippet:-1","max-image-preview":"max-image-preview:large","max-video-preview":"max-video-preview:-1"},"canonical":"https:\/\/eltiempoesmio.es\/index.php\/resenas\/","og_locale":"es_ES","og_type":"article","og_title":"Rese\u00f1as - El tiempo es mio","og_description":"LOS CUADROS DE MIGUEL G\u00d3MEZ Y MOLINA \/\/ \u00abPUERTAS AL MISTERIO\u00bb Al contemplar los dibujos y pinturas de Miguel G\u00f3mez,se descubre f\u00e1cilmente que no es un lenguaje que...","og_url":"https:\/\/eltiempoesmio.es\/index.php\/resenas\/","og_site_name":"El tiempo es mio","article_modified_time":"2022-11-07T10:12:54+00:00","twitter_card":"summary_large_image","twitter_site":"@mgm1101","twitter_misc":{"Tiempo de lectura":"5 minutos"},"schema":{"@context":"https:\/\/schema.org","@graph":[{"@type":"WebPage","@id":"https:\/\/eltiempoesmio.es\/index.php\/resenas\/","url":"https:\/\/eltiempoesmio.es\/index.php\/resenas\/","name":"Rese\u00f1as - El tiempo es mio","isPartOf":{"@id":"https:\/\/eltiempoesmio.es\/#website"},"datePublished":"2020-10-22T12:59:46+00:00","dateModified":"2022-11-07T10:12:54+00:00","breadcrumb":{"@id":"https:\/\/eltiempoesmio.es\/index.php\/resenas\/#breadcrumb"},"inLanguage":"es","potentialAction":[{"@type":"ReadAction","target":["https:\/\/eltiempoesmio.es\/index.php\/resenas\/"]}]},{"@type":"BreadcrumbList","@id":"https:\/\/eltiempoesmio.es\/index.php\/resenas\/#breadcrumb","itemListElement":[{"@type":"ListItem","position":1,"name":"Portada","item":"https:\/\/eltiempoesmio.es\/"},{"@type":"ListItem","position":2,"name":"Rese\u00f1as"}]},{"@type":"WebSite","@id":"https:\/\/eltiempoesmio.es\/#website","url":"https:\/\/eltiempoesmio.es\/","name":"El tiempo es mio","description":"Obra  gr\u00e1fica de Miguel G\u00f3mez y Molina","potentialAction":[{"@type":"SearchAction","target":{"@type":"EntryPoint","urlTemplate":"https:\/\/eltiempoesmio.es\/?s={search_term_string}"},"query-input":{"@type":"PropertyValueSpecification","valueRequired":true,"valueName":"search_term_string"}}],"inLanguage":"es"}]}},"jetpack_sharing_enabled":true,"_links":{"self":[{"href":"https:\/\/eltiempoesmio.es\/index.php\/wp-json\/wp\/v2\/pages\/47","targetHints":{"allow":["GET"]}}],"collection":[{"href":"https:\/\/eltiempoesmio.es\/index.php\/wp-json\/wp\/v2\/pages"}],"about":[{"href":"https:\/\/eltiempoesmio.es\/index.php\/wp-json\/wp\/v2\/types\/page"}],"author":[{"embeddable":true,"href":"https:\/\/eltiempoesmio.es\/index.php\/wp-json\/wp\/v2\/users\/1"}],"replies":[{"embeddable":true,"href":"https:\/\/eltiempoesmio.es\/index.php\/wp-json\/wp\/v2\/comments?post=47"}],"version-history":[{"count":13,"href":"https:\/\/eltiempoesmio.es\/index.php\/wp-json\/wp\/v2\/pages\/47\/revisions"}],"predecessor-version":[{"id":1078,"href":"https:\/\/eltiempoesmio.es\/index.php\/wp-json\/wp\/v2\/pages\/47\/revisions\/1078"}],"wp:attachment":[{"href":"https:\/\/eltiempoesmio.es\/index.php\/wp-json\/wp\/v2\/media?parent=47"}],"curies":[{"name":"wp","href":"https:\/\/api.w.org\/{rel}","templated":true}]}}