{"id":652,"date":"2020-12-01T17:34:03","date_gmt":"2020-12-01T15:34:03","guid":{"rendered":"https:\/\/eltiempoesmio.es\/?post_type=product&#038;p=652"},"modified":"2020-12-29T14:11:16","modified_gmt":"2020-12-29T12:11:16","slug":"tributo-a-baselitz","status":"publish","type":"product","link":"https:\/\/eltiempoesmio.es\/index.php\/producto\/tributo-a-baselitz\/","title":{"rendered":"Tributo a Baselitz"},"content":{"rendered":"","protected":false},"excerpt":{"rendered":"<p>Acuarela realizada en papel, despu\u00e9s de una de mis \u00faltimas visitas al maravilloso museo de la Fundaci\u00f3n Beyeler de Basilea en Suiza donde quede impactado con la obra de Georg Baselitz&#8230;esta peque\u00f1a acuarela es un tributo al genial pintor alem\u00e1n.<\/p>\n","protected":false},"featured_media":146,"comment_status":"open","ping_status":"closed","template":"","meta":[],"product_brand":[],"product_cat":[29],"product_tag":[],"class_list":{"0":"post-652","1":"product","2":"type-product","3":"status-publish","4":"has-post-thumbnail","6":"product_cat-sin-categorizar","8":"first","9":"instock","10":"sold-individually","11":"taxable","12":"shipping-taxable","13":"purchasable","14":"product-type-simple"},"yoast_head":"<!-- This site is optimized with the Yoast SEO plugin v27.4 - https:\/\/yoast.com\/product\/yoast-seo-wordpress\/ -->\n<title>Tributo a Baselitz - El tiempo es mio<\/title>\n<meta name=\"description\" content=\"Despu\u00e9s de una de mis \u00faltimas visitas al maravilloso museo de la Fundaci\u00f3n Beyeler donde qued\u00e9 impactado por la obra del pintor Georg Baselitz\" \/>\n<meta name=\"robots\" content=\"index, follow, max-snippet:-1, max-image-preview:large, max-video-preview:-1\" \/>\n<link rel=\"canonical\" href=\"https:\/\/eltiempoesmio.es\/index.php\/producto\/tributo-a-baselitz\/\" \/>\n<meta property=\"og:locale\" content=\"es_ES\" \/>\n<meta property=\"og:type\" content=\"article\" \/>\n<meta property=\"og:title\" content=\"Tributo a Baselitz - El tiempo es mio\" \/>\n<meta property=\"og:description\" content=\"Despu\u00e9s de una de mis \u00faltimas visitas al maravilloso museo de la Fundaci\u00f3n Beyeler donde qued\u00e9 impactado por la obra del pintor Georg Baselitz\" \/>\n<meta property=\"og:url\" content=\"https:\/\/eltiempoesmio.es\/index.php\/producto\/tributo-a-baselitz\/\" \/>\n<meta property=\"og:site_name\" content=\"El tiempo es mio\" \/>\n<meta property=\"article:modified_time\" content=\"2020-12-29T12:11:16+00:00\" \/>\n<meta property=\"og:image\" content=\"https:\/\/eltiempoesmio.es\/wp-content\/uploads\/2020\/10\/41.jpg\" \/>\n\t<meta property=\"og:image:width\" content=\"224\" \/>\n\t<meta property=\"og:image:height\" content=\"320\" \/>\n\t<meta property=\"og:image:type\" content=\"image\/jpeg\" \/>\n<meta name=\"twitter:card\" content=\"summary_large_image\" \/>\n<meta name=\"twitter:site\" content=\"@mgm1101\" \/>\n<script type=\"application\/ld+json\" class=\"yoast-schema-graph\">{\"@context\":\"https:\\\/\\\/schema.org\",\"@graph\":[{\"@type\":\"WebPage\",\"@id\":\"https:\\\/\\\/eltiempoesmio.es\\\/index.php\\\/producto\\\/tributo-a-baselitz\\\/\",\"url\":\"https:\\\/\\\/eltiempoesmio.es\\\/index.php\\\/producto\\\/tributo-a-baselitz\\\/\",\"name\":\"Tributo a Baselitz - El tiempo es mio\",\"isPartOf\":{\"@id\":\"https:\\\/\\\/eltiempoesmio.es\\\/#website\"},\"primaryImageOfPage\":{\"@id\":\"https:\\\/\\\/eltiempoesmio.es\\\/index.php\\\/producto\\\/tributo-a-baselitz\\\/#primaryimage\"},\"image\":{\"@id\":\"https:\\\/\\\/eltiempoesmio.es\\\/index.php\\\/producto\\\/tributo-a-baselitz\\\/#primaryimage\"},\"thumbnailUrl\":\"https:\\\/\\\/eltiempoesmio.es\\\/wp-content\\\/uploads\\\/2020\\\/10\\\/41.jpg\",\"datePublished\":\"2020-12-01T15:34:03+00:00\",\"dateModified\":\"2020-12-29T12:11:16+00:00\",\"description\":\"Despu\u00e9s de una de mis \u00faltimas visitas al maravilloso museo de la Fundaci\u00f3n Beyeler donde qued\u00e9 impactado por la obra del pintor Georg Baselitz\",\"breadcrumb\":{\"@id\":\"https:\\\/\\\/eltiempoesmio.es\\\/index.php\\\/producto\\\/tributo-a-baselitz\\\/#breadcrumb\"},\"inLanguage\":\"es\",\"potentialAction\":[{\"@type\":\"ReadAction\",\"target\":[\"https:\\\/\\\/eltiempoesmio.es\\\/index.php\\\/producto\\\/tributo-a-baselitz\\\/\"]}]},{\"@type\":\"ImageObject\",\"inLanguage\":\"es\",\"@id\":\"https:\\\/\\\/eltiempoesmio.es\\\/index.php\\\/producto\\\/tributo-a-baselitz\\\/#primaryimage\",\"url\":\"https:\\\/\\\/eltiempoesmio.es\\\/wp-content\\\/uploads\\\/2020\\\/10\\\/41.jpg\",\"contentUrl\":\"https:\\\/\\\/eltiempoesmio.es\\\/wp-content\\\/uploads\\\/2020\\\/10\\\/41.jpg\",\"width\":224,\"height\":320,\"caption\":\"Homenaje a Baselitz\"},{\"@type\":\"BreadcrumbList\",\"@id\":\"https:\\\/\\\/eltiempoesmio.es\\\/index.php\\\/producto\\\/tributo-a-baselitz\\\/#breadcrumb\",\"itemListElement\":[{\"@type\":\"ListItem\",\"position\":1,\"name\":\"Portada\",\"item\":\"https:\\\/\\\/eltiempoesmio.es\\\/\"},{\"@type\":\"ListItem\",\"position\":2,\"name\":\"Tributo a Baselitz\"}]},{\"@type\":\"WebSite\",\"@id\":\"https:\\\/\\\/eltiempoesmio.es\\\/#website\",\"url\":\"https:\\\/\\\/eltiempoesmio.es\\\/\",\"name\":\"El tiempo es mio\",\"description\":\"Obra  gr\u00e1fica de Miguel G\u00f3mez y Molina\",\"potentialAction\":[{\"@type\":\"SearchAction\",\"target\":{\"@type\":\"EntryPoint\",\"urlTemplate\":\"https:\\\/\\\/eltiempoesmio.es\\\/?s={search_term_string}\"},\"query-input\":{\"@type\":\"PropertyValueSpecification\",\"valueRequired\":true,\"valueName\":\"search_term_string\"}}],\"inLanguage\":\"es\"}]}<\/script>\n<!-- \/ Yoast SEO plugin. -->","yoast_head_json":{"title":"Tributo a Baselitz - El tiempo es mio","description":"Despu\u00e9s de una de mis \u00faltimas visitas al maravilloso museo de la Fundaci\u00f3n Beyeler donde qued\u00e9 impactado por la obra del pintor Georg Baselitz","robots":{"index":"index","follow":"follow","max-snippet":"max-snippet:-1","max-image-preview":"max-image-preview:large","max-video-preview":"max-video-preview:-1"},"canonical":"https:\/\/eltiempoesmio.es\/index.php\/producto\/tributo-a-baselitz\/","og_locale":"es_ES","og_type":"article","og_title":"Tributo a Baselitz - El tiempo es mio","og_description":"Despu\u00e9s de una de mis \u00faltimas visitas al maravilloso museo de la Fundaci\u00f3n Beyeler donde qued\u00e9 impactado por la obra del pintor Georg Baselitz","og_url":"https:\/\/eltiempoesmio.es\/index.php\/producto\/tributo-a-baselitz\/","og_site_name":"El tiempo es mio","article_modified_time":"2020-12-29T12:11:16+00:00","og_image":[{"width":224,"height":320,"url":"https:\/\/eltiempoesmio.es\/wp-content\/uploads\/2020\/10\/41.jpg","type":"image\/jpeg"}],"twitter_card":"summary_large_image","twitter_site":"@mgm1101","schema":{"@context":"https:\/\/schema.org","@graph":[{"@type":"WebPage","@id":"https:\/\/eltiempoesmio.es\/index.php\/producto\/tributo-a-baselitz\/","url":"https:\/\/eltiempoesmio.es\/index.php\/producto\/tributo-a-baselitz\/","name":"Tributo a Baselitz - El tiempo es mio","isPartOf":{"@id":"https:\/\/eltiempoesmio.es\/#website"},"primaryImageOfPage":{"@id":"https:\/\/eltiempoesmio.es\/index.php\/producto\/tributo-a-baselitz\/#primaryimage"},"image":{"@id":"https:\/\/eltiempoesmio.es\/index.php\/producto\/tributo-a-baselitz\/#primaryimage"},"thumbnailUrl":"https:\/\/eltiempoesmio.es\/wp-content\/uploads\/2020\/10\/41.jpg","datePublished":"2020-12-01T15:34:03+00:00","dateModified":"2020-12-29T12:11:16+00:00","description":"Despu\u00e9s de una de mis \u00faltimas visitas al maravilloso museo de la Fundaci\u00f3n Beyeler donde qued\u00e9 impactado por la obra del pintor Georg Baselitz","breadcrumb":{"@id":"https:\/\/eltiempoesmio.es\/index.php\/producto\/tributo-a-baselitz\/#breadcrumb"},"inLanguage":"es","potentialAction":[{"@type":"ReadAction","target":["https:\/\/eltiempoesmio.es\/index.php\/producto\/tributo-a-baselitz\/"]}]},{"@type":"ImageObject","inLanguage":"es","@id":"https:\/\/eltiempoesmio.es\/index.php\/producto\/tributo-a-baselitz\/#primaryimage","url":"https:\/\/eltiempoesmio.es\/wp-content\/uploads\/2020\/10\/41.jpg","contentUrl":"https:\/\/eltiempoesmio.es\/wp-content\/uploads\/2020\/10\/41.jpg","width":224,"height":320,"caption":"Homenaje a Baselitz"},{"@type":"BreadcrumbList","@id":"https:\/\/eltiempoesmio.es\/index.php\/producto\/tributo-a-baselitz\/#breadcrumb","itemListElement":[{"@type":"ListItem","position":1,"name":"Portada","item":"https:\/\/eltiempoesmio.es\/"},{"@type":"ListItem","position":2,"name":"Tributo a Baselitz"}]},{"@type":"WebSite","@id":"https:\/\/eltiempoesmio.es\/#website","url":"https:\/\/eltiempoesmio.es\/","name":"El tiempo es mio","description":"Obra  gr\u00e1fica de Miguel G\u00f3mez y Molina","potentialAction":[{"@type":"SearchAction","target":{"@type":"EntryPoint","urlTemplate":"https:\/\/eltiempoesmio.es\/?s={search_term_string}"},"query-input":{"@type":"PropertyValueSpecification","valueRequired":true,"valueName":"search_term_string"}}],"inLanguage":"es"}]}},"jetpack_sharing_enabled":true,"_links":{"self":[{"href":"https:\/\/eltiempoesmio.es\/index.php\/wp-json\/wp\/v2\/product\/652","targetHints":{"allow":["GET"]}}],"collection":[{"href":"https:\/\/eltiempoesmio.es\/index.php\/wp-json\/wp\/v2\/product"}],"about":[{"href":"https:\/\/eltiempoesmio.es\/index.php\/wp-json\/wp\/v2\/types\/product"}],"replies":[{"embeddable":true,"href":"https:\/\/eltiempoesmio.es\/index.php\/wp-json\/wp\/v2\/comments?post=652"}],"wp:featuredmedia":[{"embeddable":true,"href":"https:\/\/eltiempoesmio.es\/index.php\/wp-json\/wp\/v2\/media\/146"}],"wp:attachment":[{"href":"https:\/\/eltiempoesmio.es\/index.php\/wp-json\/wp\/v2\/media?parent=652"}],"wp:term":[{"taxonomy":"product_brand","embeddable":true,"href":"https:\/\/eltiempoesmio.es\/index.php\/wp-json\/wp\/v2\/product_brand?post=652"},{"taxonomy":"product_cat","embeddable":true,"href":"https:\/\/eltiempoesmio.es\/index.php\/wp-json\/wp\/v2\/product_cat?post=652"},{"taxonomy":"product_tag","embeddable":true,"href":"https:\/\/eltiempoesmio.es\/index.php\/wp-json\/wp\/v2\/product_tag?post=652"}],"curies":[{"name":"wp","href":"https:\/\/api.w.org\/{rel}","templated":true}]}}