{"id":704,"date":"2020-12-26T11:40:53","date_gmt":"2020-12-26T09:40:53","guid":{"rendered":"https:\/\/eltiempoesmio.es\/?post_type=product&#038;p=704"},"modified":"2021-01-08T15:52:52","modified_gmt":"2021-01-08T13:52:52","slug":"hombre-mirando-al-cielo","status":"publish","type":"product","link":"https:\/\/eltiempoesmio.es\/index.php\/producto\/hombre-mirando-al-cielo\/","title":{"rendered":"Hombre mirando al cielo"},"content":{"rendered":"","protected":false},"excerpt":{"rendered":"<p>Acuarela sobre papel de 280grs\/m2 de 20&#215;20 cms.<\/p>\n","protected":false},"featured_media":700,"comment_status":"open","ping_status":"closed","template":"","meta":[],"product_brand":[],"product_cat":[29],"product_tag":[],"class_list":{"0":"post-704","1":"product","2":"type-product","3":"status-publish","4":"has-post-thumbnail","6":"product_cat-sin-categorizar","8":"first","9":"instock","10":"sold-individually","11":"taxable","12":"shipping-taxable","13":"purchasable","14":"product-type-simple"},"yoast_head":"<!-- This site is optimized with the Yoast SEO plugin v27.4 - https:\/\/yoast.com\/product\/yoast-seo-wordpress\/ -->\n<title>Hombre mirando al cielo - El tiempo es mio<\/title>\n<meta name=\"description\" content=\"No hay nada m\u00e1s reconfortante que ir a un museo y tomar apuntes de lo que m\u00e1s te gusta...hice este en la visita al centro Pompidou de M\u00e1laga.\" \/>\n<meta name=\"robots\" content=\"index, follow, max-snippet:-1, max-image-preview:large, max-video-preview:-1\" \/>\n<link rel=\"canonical\" href=\"https:\/\/eltiempoesmio.es\/index.php\/producto\/hombre-mirando-al-cielo\/\" \/>\n<meta property=\"og:locale\" content=\"es_ES\" \/>\n<meta property=\"og:type\" content=\"article\" \/>\n<meta property=\"og:title\" content=\"Hombre mirando al cielo - El tiempo es mio\" \/>\n<meta property=\"og:description\" content=\"No hay nada m\u00e1s reconfortante que ir a un museo y tomar apuntes de lo que m\u00e1s te gusta...hice este en la visita al centro Pompidou de M\u00e1laga.\" \/>\n<meta property=\"og:url\" content=\"https:\/\/eltiempoesmio.es\/index.php\/producto\/hombre-mirando-al-cielo\/\" \/>\n<meta property=\"og:site_name\" content=\"El tiempo es mio\" \/>\n<meta property=\"article:modified_time\" content=\"2021-01-08T13:52:52+00:00\" \/>\n<meta property=\"og:image\" content=\"https:\/\/eltiempoesmio.es\/wp-content\/uploads\/2020\/10\/g2-scaled.jpg\" \/>\n\t<meta property=\"og:image:width\" content=\"2560\" \/>\n\t<meta property=\"og:image:height\" content=\"2528\" \/>\n\t<meta property=\"og:image:type\" content=\"image\/jpeg\" \/>\n<meta name=\"twitter:card\" content=\"summary_large_image\" \/>\n<meta name=\"twitter:site\" content=\"@mgm1101\" \/>\n<script type=\"application\/ld+json\" class=\"yoast-schema-graph\">{\"@context\":\"https:\\\/\\\/schema.org\",\"@graph\":[{\"@type\":\"WebPage\",\"@id\":\"https:\\\/\\\/eltiempoesmio.es\\\/index.php\\\/producto\\\/hombre-mirando-al-cielo\\\/\",\"url\":\"https:\\\/\\\/eltiempoesmio.es\\\/index.php\\\/producto\\\/hombre-mirando-al-cielo\\\/\",\"name\":\"Hombre mirando al cielo - El tiempo es mio\",\"isPartOf\":{\"@id\":\"https:\\\/\\\/eltiempoesmio.es\\\/#website\"},\"primaryImageOfPage\":{\"@id\":\"https:\\\/\\\/eltiempoesmio.es\\\/index.php\\\/producto\\\/hombre-mirando-al-cielo\\\/#primaryimage\"},\"image\":{\"@id\":\"https:\\\/\\\/eltiempoesmio.es\\\/index.php\\\/producto\\\/hombre-mirando-al-cielo\\\/#primaryimage\"},\"thumbnailUrl\":\"https:\\\/\\\/eltiempoesmio.es\\\/wp-content\\\/uploads\\\/2020\\\/10\\\/g2-scaled.jpg\",\"datePublished\":\"2020-12-26T09:40:53+00:00\",\"dateModified\":\"2021-01-08T13:52:52+00:00\",\"description\":\"No hay nada m\u00e1s reconfortante que ir a un museo y tomar apuntes de lo que m\u00e1s te gusta...hice este en la visita al centro Pompidou de M\u00e1laga.\",\"breadcrumb\":{\"@id\":\"https:\\\/\\\/eltiempoesmio.es\\\/index.php\\\/producto\\\/hombre-mirando-al-cielo\\\/#breadcrumb\"},\"inLanguage\":\"es\",\"potentialAction\":[{\"@type\":\"ReadAction\",\"target\":[\"https:\\\/\\\/eltiempoesmio.es\\\/index.php\\\/producto\\\/hombre-mirando-al-cielo\\\/\"]}]},{\"@type\":\"ImageObject\",\"inLanguage\":\"es\",\"@id\":\"https:\\\/\\\/eltiempoesmio.es\\\/index.php\\\/producto\\\/hombre-mirando-al-cielo\\\/#primaryimage\",\"url\":\"https:\\\/\\\/eltiempoesmio.es\\\/wp-content\\\/uploads\\\/2020\\\/10\\\/g2-scaled.jpg\",\"contentUrl\":\"https:\\\/\\\/eltiempoesmio.es\\\/wp-content\\\/uploads\\\/2020\\\/10\\\/g2-scaled.jpg\",\"width\":2560,\"height\":2528,\"caption\":\"Un hombre mirando al cielo\"},{\"@type\":\"BreadcrumbList\",\"@id\":\"https:\\\/\\\/eltiempoesmio.es\\\/index.php\\\/producto\\\/hombre-mirando-al-cielo\\\/#breadcrumb\",\"itemListElement\":[{\"@type\":\"ListItem\",\"position\":1,\"name\":\"Portada\",\"item\":\"https:\\\/\\\/eltiempoesmio.es\\\/\"},{\"@type\":\"ListItem\",\"position\":2,\"name\":\"Hombre mirando al cielo\"}]},{\"@type\":\"WebSite\",\"@id\":\"https:\\\/\\\/eltiempoesmio.es\\\/#website\",\"url\":\"https:\\\/\\\/eltiempoesmio.es\\\/\",\"name\":\"El tiempo es mio\",\"description\":\"Obra  gr\u00e1fica de Miguel G\u00f3mez y Molina\",\"potentialAction\":[{\"@type\":\"SearchAction\",\"target\":{\"@type\":\"EntryPoint\",\"urlTemplate\":\"https:\\\/\\\/eltiempoesmio.es\\\/?s={search_term_string}\"},\"query-input\":{\"@type\":\"PropertyValueSpecification\",\"valueRequired\":true,\"valueName\":\"search_term_string\"}}],\"inLanguage\":\"es\"}]}<\/script>\n<!-- \/ Yoast SEO plugin. -->","yoast_head_json":{"title":"Hombre mirando al cielo - El tiempo es mio","description":"No hay nada m\u00e1s reconfortante que ir a un museo y tomar apuntes de lo que m\u00e1s te gusta...hice este en la visita al centro Pompidou de M\u00e1laga.","robots":{"index":"index","follow":"follow","max-snippet":"max-snippet:-1","max-image-preview":"max-image-preview:large","max-video-preview":"max-video-preview:-1"},"canonical":"https:\/\/eltiempoesmio.es\/index.php\/producto\/hombre-mirando-al-cielo\/","og_locale":"es_ES","og_type":"article","og_title":"Hombre mirando al cielo - El tiempo es mio","og_description":"No hay nada m\u00e1s reconfortante que ir a un museo y tomar apuntes de lo que m\u00e1s te gusta...hice este en la visita al centro Pompidou de M\u00e1laga.","og_url":"https:\/\/eltiempoesmio.es\/index.php\/producto\/hombre-mirando-al-cielo\/","og_site_name":"El tiempo es mio","article_modified_time":"2021-01-08T13:52:52+00:00","og_image":[{"width":2560,"height":2528,"url":"https:\/\/eltiempoesmio.es\/wp-content\/uploads\/2020\/10\/g2-scaled.jpg","type":"image\/jpeg"}],"twitter_card":"summary_large_image","twitter_site":"@mgm1101","schema":{"@context":"https:\/\/schema.org","@graph":[{"@type":"WebPage","@id":"https:\/\/eltiempoesmio.es\/index.php\/producto\/hombre-mirando-al-cielo\/","url":"https:\/\/eltiempoesmio.es\/index.php\/producto\/hombre-mirando-al-cielo\/","name":"Hombre mirando al cielo - El tiempo es mio","isPartOf":{"@id":"https:\/\/eltiempoesmio.es\/#website"},"primaryImageOfPage":{"@id":"https:\/\/eltiempoesmio.es\/index.php\/producto\/hombre-mirando-al-cielo\/#primaryimage"},"image":{"@id":"https:\/\/eltiempoesmio.es\/index.php\/producto\/hombre-mirando-al-cielo\/#primaryimage"},"thumbnailUrl":"https:\/\/eltiempoesmio.es\/wp-content\/uploads\/2020\/10\/g2-scaled.jpg","datePublished":"2020-12-26T09:40:53+00:00","dateModified":"2021-01-08T13:52:52+00:00","description":"No hay nada m\u00e1s reconfortante que ir a un museo y tomar apuntes de lo que m\u00e1s te gusta...hice este en la visita al centro Pompidou de M\u00e1laga.","breadcrumb":{"@id":"https:\/\/eltiempoesmio.es\/index.php\/producto\/hombre-mirando-al-cielo\/#breadcrumb"},"inLanguage":"es","potentialAction":[{"@type":"ReadAction","target":["https:\/\/eltiempoesmio.es\/index.php\/producto\/hombre-mirando-al-cielo\/"]}]},{"@type":"ImageObject","inLanguage":"es","@id":"https:\/\/eltiempoesmio.es\/index.php\/producto\/hombre-mirando-al-cielo\/#primaryimage","url":"https:\/\/eltiempoesmio.es\/wp-content\/uploads\/2020\/10\/g2-scaled.jpg","contentUrl":"https:\/\/eltiempoesmio.es\/wp-content\/uploads\/2020\/10\/g2-scaled.jpg","width":2560,"height":2528,"caption":"Un hombre mirando al cielo"},{"@type":"BreadcrumbList","@id":"https:\/\/eltiempoesmio.es\/index.php\/producto\/hombre-mirando-al-cielo\/#breadcrumb","itemListElement":[{"@type":"ListItem","position":1,"name":"Portada","item":"https:\/\/eltiempoesmio.es\/"},{"@type":"ListItem","position":2,"name":"Hombre mirando al cielo"}]},{"@type":"WebSite","@id":"https:\/\/eltiempoesmio.es\/#website","url":"https:\/\/eltiempoesmio.es\/","name":"El tiempo es mio","description":"Obra  gr\u00e1fica de Miguel G\u00f3mez y Molina","potentialAction":[{"@type":"SearchAction","target":{"@type":"EntryPoint","urlTemplate":"https:\/\/eltiempoesmio.es\/?s={search_term_string}"},"query-input":{"@type":"PropertyValueSpecification","valueRequired":true,"valueName":"search_term_string"}}],"inLanguage":"es"}]}},"jetpack_sharing_enabled":true,"_links":{"self":[{"href":"https:\/\/eltiempoesmio.es\/index.php\/wp-json\/wp\/v2\/product\/704","targetHints":{"allow":["GET"]}}],"collection":[{"href":"https:\/\/eltiempoesmio.es\/index.php\/wp-json\/wp\/v2\/product"}],"about":[{"href":"https:\/\/eltiempoesmio.es\/index.php\/wp-json\/wp\/v2\/types\/product"}],"replies":[{"embeddable":true,"href":"https:\/\/eltiempoesmio.es\/index.php\/wp-json\/wp\/v2\/comments?post=704"}],"wp:featuredmedia":[{"embeddable":true,"href":"https:\/\/eltiempoesmio.es\/index.php\/wp-json\/wp\/v2\/media\/700"}],"wp:attachment":[{"href":"https:\/\/eltiempoesmio.es\/index.php\/wp-json\/wp\/v2\/media?parent=704"}],"wp:term":[{"taxonomy":"product_brand","embeddable":true,"href":"https:\/\/eltiempoesmio.es\/index.php\/wp-json\/wp\/v2\/product_brand?post=704"},{"taxonomy":"product_cat","embeddable":true,"href":"https:\/\/eltiempoesmio.es\/index.php\/wp-json\/wp\/v2\/product_cat?post=704"},{"taxonomy":"product_tag","embeddable":true,"href":"https:\/\/eltiempoesmio.es\/index.php\/wp-json\/wp\/v2\/product_tag?post=704"}],"curies":[{"name":"wp","href":"https:\/\/api.w.org\/{rel}","templated":true}]}}