{"id":722,"date":"2021-02-25T11:36:24","date_gmt":"2021-02-25T09:36:24","guid":{"rendered":"https:\/\/eltiempoesmio.es\/?post_type=product&#038;p=722"},"modified":"2021-02-25T11:36:37","modified_gmt":"2021-02-25T09:36:37","slug":"maracatu-atomico","status":"publish","type":"product","link":"https:\/\/eltiempoesmio.es\/index.php\/producto\/maracatu-atomico\/","title":{"rendered":"Maracat\u00fa At\u00f3mico"},"content":{"rendered":"","protected":false},"excerpt":{"rendered":"<p>Maracat\u00fa At\u00f3mico est\u00e1 realizado con t\u00e9cnica mixta sobre papel Archer de 300 gr\/m2\u00a0 de 20 x 20 cms.<\/p>\n","protected":false},"featured_media":723,"comment_status":"open","ping_status":"closed","template":"","meta":[],"product_brand":[],"product_cat":[29],"product_tag":[],"class_list":{"0":"post-722","1":"product","2":"type-product","3":"status-publish","4":"has-post-thumbnail","6":"product_cat-sin-categorizar","8":"first","9":"outofstock","10":"taxable","11":"shipping-taxable","12":"product-type-simple"},"yoast_head":"<!-- This site is optimized with the Yoast SEO plugin v27.4 - https:\/\/yoast.com\/product\/yoast-seo-wordpress\/ -->\n<title>Maracat\u00fa At\u00f3mico - El tiempo es mio<\/title>\n<meta name=\"description\" content=\"Maracat\u00fa at\u00f3mico lo hago porque a la mujer de un amigo m\u00edo, le encant\u00f3 un dibujo previo en otra obra, as\u00ed que ahora esta feliz con este.\" \/>\n<meta name=\"robots\" content=\"index, follow, max-snippet:-1, max-image-preview:large, max-video-preview:-1\" \/>\n<link rel=\"canonical\" href=\"https:\/\/eltiempoesmio.es\/index.php\/producto\/maracatu-atomico\/\" \/>\n<meta property=\"og:locale\" content=\"es_ES\" \/>\n<meta property=\"og:type\" content=\"article\" \/>\n<meta property=\"og:title\" content=\"Maracat\u00fa At\u00f3mico - El tiempo es mio\" \/>\n<meta property=\"og:description\" content=\"Maracat\u00fa at\u00f3mico lo hago porque a la mujer de un amigo m\u00edo, le encant\u00f3 un dibujo previo en otra obra, as\u00ed que ahora esta feliz con este.\" \/>\n<meta property=\"og:url\" content=\"https:\/\/eltiempoesmio.es\/index.php\/producto\/maracatu-atomico\/\" \/>\n<meta property=\"og:site_name\" content=\"El tiempo es mio\" \/>\n<meta property=\"article:modified_time\" content=\"2021-02-25T09:36:37+00:00\" \/>\n<meta property=\"og:image\" content=\"https:\/\/eltiempoesmio.es\/wp-content\/uploads\/2021\/02\/Maracatu-atomico.jpg\" \/>\n\t<meta property=\"og:image:width\" content=\"1452\" \/>\n\t<meta property=\"og:image:height\" content=\"1505\" \/>\n\t<meta property=\"og:image:type\" content=\"image\/jpeg\" \/>\n<meta name=\"twitter:card\" content=\"summary_large_image\" \/>\n<meta name=\"twitter:site\" content=\"@mgm1101\" \/>\n<script type=\"application\/ld+json\" class=\"yoast-schema-graph\">{\"@context\":\"https:\\\/\\\/schema.org\",\"@graph\":[{\"@type\":\"WebPage\",\"@id\":\"https:\\\/\\\/eltiempoesmio.es\\\/index.php\\\/producto\\\/maracatu-atomico\\\/\",\"url\":\"https:\\\/\\\/eltiempoesmio.es\\\/index.php\\\/producto\\\/maracatu-atomico\\\/\",\"name\":\"Maracat\u00fa At\u00f3mico - El tiempo es mio\",\"isPartOf\":{\"@id\":\"https:\\\/\\\/eltiempoesmio.es\\\/#website\"},\"primaryImageOfPage\":{\"@id\":\"https:\\\/\\\/eltiempoesmio.es\\\/index.php\\\/producto\\\/maracatu-atomico\\\/#primaryimage\"},\"image\":{\"@id\":\"https:\\\/\\\/eltiempoesmio.es\\\/index.php\\\/producto\\\/maracatu-atomico\\\/#primaryimage\"},\"thumbnailUrl\":\"https:\\\/\\\/eltiempoesmio.es\\\/wp-content\\\/uploads\\\/2021\\\/02\\\/Maracatu-atomico.jpg\",\"datePublished\":\"2021-02-25T09:36:24+00:00\",\"dateModified\":\"2021-02-25T09:36:37+00:00\",\"description\":\"Maracat\u00fa at\u00f3mico lo hago porque a la mujer de un amigo m\u00edo, le encant\u00f3 un dibujo previo en otra obra, as\u00ed que ahora esta feliz con este.\",\"breadcrumb\":{\"@id\":\"https:\\\/\\\/eltiempoesmio.es\\\/index.php\\\/producto\\\/maracatu-atomico\\\/#breadcrumb\"},\"inLanguage\":\"es\",\"potentialAction\":[{\"@type\":\"ReadAction\",\"target\":[\"https:\\\/\\\/eltiempoesmio.es\\\/index.php\\\/producto\\\/maracatu-atomico\\\/\"]}]},{\"@type\":\"ImageObject\",\"inLanguage\":\"es\",\"@id\":\"https:\\\/\\\/eltiempoesmio.es\\\/index.php\\\/producto\\\/maracatu-atomico\\\/#primaryimage\",\"url\":\"https:\\\/\\\/eltiempoesmio.es\\\/wp-content\\\/uploads\\\/2021\\\/02\\\/Maracatu-atomico.jpg\",\"contentUrl\":\"https:\\\/\\\/eltiempoesmio.es\\\/wp-content\\\/uploads\\\/2021\\\/02\\\/Maracatu-atomico.jpg\",\"width\":1452,\"height\":1505,\"caption\":\"Maracat\u00fa at\u00f3mico\"},{\"@type\":\"BreadcrumbList\",\"@id\":\"https:\\\/\\\/eltiempoesmio.es\\\/index.php\\\/producto\\\/maracatu-atomico\\\/#breadcrumb\",\"itemListElement\":[{\"@type\":\"ListItem\",\"position\":1,\"name\":\"Portada\",\"item\":\"https:\\\/\\\/eltiempoesmio.es\\\/\"},{\"@type\":\"ListItem\",\"position\":2,\"name\":\"Maracat\u00fa At\u00f3mico\"}]},{\"@type\":\"WebSite\",\"@id\":\"https:\\\/\\\/eltiempoesmio.es\\\/#website\",\"url\":\"https:\\\/\\\/eltiempoesmio.es\\\/\",\"name\":\"El tiempo es mio\",\"description\":\"Obra  gr\u00e1fica de Miguel G\u00f3mez y Molina\",\"potentialAction\":[{\"@type\":\"SearchAction\",\"target\":{\"@type\":\"EntryPoint\",\"urlTemplate\":\"https:\\\/\\\/eltiempoesmio.es\\\/?s={search_term_string}\"},\"query-input\":{\"@type\":\"PropertyValueSpecification\",\"valueRequired\":true,\"valueName\":\"search_term_string\"}}],\"inLanguage\":\"es\"}]}<\/script>\n<!-- \/ Yoast SEO plugin. -->","yoast_head_json":{"title":"Maracat\u00fa At\u00f3mico - El tiempo es mio","description":"Maracat\u00fa at\u00f3mico lo hago porque a la mujer de un amigo m\u00edo, le encant\u00f3 un dibujo previo en otra obra, as\u00ed que ahora esta feliz con este.","robots":{"index":"index","follow":"follow","max-snippet":"max-snippet:-1","max-image-preview":"max-image-preview:large","max-video-preview":"max-video-preview:-1"},"canonical":"https:\/\/eltiempoesmio.es\/index.php\/producto\/maracatu-atomico\/","og_locale":"es_ES","og_type":"article","og_title":"Maracat\u00fa At\u00f3mico - El tiempo es mio","og_description":"Maracat\u00fa at\u00f3mico lo hago porque a la mujer de un amigo m\u00edo, le encant\u00f3 un dibujo previo en otra obra, as\u00ed que ahora esta feliz con este.","og_url":"https:\/\/eltiempoesmio.es\/index.php\/producto\/maracatu-atomico\/","og_site_name":"El tiempo es mio","article_modified_time":"2021-02-25T09:36:37+00:00","og_image":[{"width":1452,"height":1505,"url":"https:\/\/eltiempoesmio.es\/wp-content\/uploads\/2021\/02\/Maracatu-atomico.jpg","type":"image\/jpeg"}],"twitter_card":"summary_large_image","twitter_site":"@mgm1101","schema":{"@context":"https:\/\/schema.org","@graph":[{"@type":"WebPage","@id":"https:\/\/eltiempoesmio.es\/index.php\/producto\/maracatu-atomico\/","url":"https:\/\/eltiempoesmio.es\/index.php\/producto\/maracatu-atomico\/","name":"Maracat\u00fa At\u00f3mico - El tiempo es mio","isPartOf":{"@id":"https:\/\/eltiempoesmio.es\/#website"},"primaryImageOfPage":{"@id":"https:\/\/eltiempoesmio.es\/index.php\/producto\/maracatu-atomico\/#primaryimage"},"image":{"@id":"https:\/\/eltiempoesmio.es\/index.php\/producto\/maracatu-atomico\/#primaryimage"},"thumbnailUrl":"https:\/\/eltiempoesmio.es\/wp-content\/uploads\/2021\/02\/Maracatu-atomico.jpg","datePublished":"2021-02-25T09:36:24+00:00","dateModified":"2021-02-25T09:36:37+00:00","description":"Maracat\u00fa at\u00f3mico lo hago porque a la mujer de un amigo m\u00edo, le encant\u00f3 un dibujo previo en otra obra, as\u00ed que ahora esta feliz con este.","breadcrumb":{"@id":"https:\/\/eltiempoesmio.es\/index.php\/producto\/maracatu-atomico\/#breadcrumb"},"inLanguage":"es","potentialAction":[{"@type":"ReadAction","target":["https:\/\/eltiempoesmio.es\/index.php\/producto\/maracatu-atomico\/"]}]},{"@type":"ImageObject","inLanguage":"es","@id":"https:\/\/eltiempoesmio.es\/index.php\/producto\/maracatu-atomico\/#primaryimage","url":"https:\/\/eltiempoesmio.es\/wp-content\/uploads\/2021\/02\/Maracatu-atomico.jpg","contentUrl":"https:\/\/eltiempoesmio.es\/wp-content\/uploads\/2021\/02\/Maracatu-atomico.jpg","width":1452,"height":1505,"caption":"Maracat\u00fa at\u00f3mico"},{"@type":"BreadcrumbList","@id":"https:\/\/eltiempoesmio.es\/index.php\/producto\/maracatu-atomico\/#breadcrumb","itemListElement":[{"@type":"ListItem","position":1,"name":"Portada","item":"https:\/\/eltiempoesmio.es\/"},{"@type":"ListItem","position":2,"name":"Maracat\u00fa At\u00f3mico"}]},{"@type":"WebSite","@id":"https:\/\/eltiempoesmio.es\/#website","url":"https:\/\/eltiempoesmio.es\/","name":"El tiempo es mio","description":"Obra  gr\u00e1fica de Miguel G\u00f3mez y Molina","potentialAction":[{"@type":"SearchAction","target":{"@type":"EntryPoint","urlTemplate":"https:\/\/eltiempoesmio.es\/?s={search_term_string}"},"query-input":{"@type":"PropertyValueSpecification","valueRequired":true,"valueName":"search_term_string"}}],"inLanguage":"es"}]}},"jetpack_sharing_enabled":true,"_links":{"self":[{"href":"https:\/\/eltiempoesmio.es\/index.php\/wp-json\/wp\/v2\/product\/722","targetHints":{"allow":["GET"]}}],"collection":[{"href":"https:\/\/eltiempoesmio.es\/index.php\/wp-json\/wp\/v2\/product"}],"about":[{"href":"https:\/\/eltiempoesmio.es\/index.php\/wp-json\/wp\/v2\/types\/product"}],"replies":[{"embeddable":true,"href":"https:\/\/eltiempoesmio.es\/index.php\/wp-json\/wp\/v2\/comments?post=722"}],"wp:featuredmedia":[{"embeddable":true,"href":"https:\/\/eltiempoesmio.es\/index.php\/wp-json\/wp\/v2\/media\/723"}],"wp:attachment":[{"href":"https:\/\/eltiempoesmio.es\/index.php\/wp-json\/wp\/v2\/media?parent=722"}],"wp:term":[{"taxonomy":"product_brand","embeddable":true,"href":"https:\/\/eltiempoesmio.es\/index.php\/wp-json\/wp\/v2\/product_brand?post=722"},{"taxonomy":"product_cat","embeddable":true,"href":"https:\/\/eltiempoesmio.es\/index.php\/wp-json\/wp\/v2\/product_cat?post=722"},{"taxonomy":"product_tag","embeddable":true,"href":"https:\/\/eltiempoesmio.es\/index.php\/wp-json\/wp\/v2\/product_tag?post=722"}],"curies":[{"name":"wp","href":"https:\/\/api.w.org\/{rel}","templated":true}]}}